{"id":767,"date":"2025-05-23T17:11:39","date_gmt":"2025-05-23T08:11:39","guid":{"rendered":"https:\/\/acoustic-measurement.com\/?page_id=767"},"modified":"2025-05-23T17:14:53","modified_gmt":"2025-05-23T08:14:53","slug":"manufacturer","status":"publish","type":"page","link":"https:\/\/acoustic-measurement.com\/en\/manufacturer\/","title":{"rendered":"About the Manufacturer"},"content":{"rendered":"\n<h2 class=\"wp-block-heading\" id=\"hbk\">About HBK<\/h2>\n\n\n\n<figure class=\"wp-block-image size-full imgFull\"><img loading=\"lazy\" decoding=\"async\" width=\"960\" height=\"240\" src=\"https:\/\/acoustic-measurement.com\/wp-content\/uploads\/manufacturerHbk.jpg\" alt=\"\" class=\"wp-image-78\" srcset=\"https:\/\/acoustic-measurement.com\/wp-content\/uploads\/manufacturerHbk.jpg 960w, https:\/\/acoustic-measurement.com\/wp-content\/uploads\/manufacturerHbk-300x75.jpg 300w, https:\/\/acoustic-measurement.com\/wp-content\/uploads\/manufacturerHbk-768x192.jpg 768w\" sizes=\"auto, (max-width: 960px) 100vw, 960px\" \/><\/figure>\n\n\n<div class=\"wp-block-image imgLeft imgSpHalf\">\n<figure class=\"alignleft size-medium\"><img loading=\"lazy\" decoding=\"async\" width=\"300\" height=\"104\" src=\"https:\/\/acoustic-measurement.com\/wp-content\/uploads\/HBK_Primary_RGB-300x104.png\" alt=\"\" class=\"wp-image-74\" srcset=\"https:\/\/acoustic-measurement.com\/wp-content\/uploads\/HBK_Primary_RGB-300x104.png 300w, https:\/\/acoustic-measurement.com\/wp-content\/uploads\/HBK_Primary_RGB-1024x354.png 1024w, https:\/\/acoustic-measurement.com\/wp-content\/uploads\/HBK_Primary_RGB-768x266.png 768w, https:\/\/acoustic-measurement.com\/wp-content\/uploads\/HBK_Primary_RGB.png 1182w\" sizes=\"auto, (max-width: 300px) 100vw, 300px\" \/><\/figure>\n<\/div>\n\n\n<blockquote class=\"wp-block-quote is-layout-flow wp-block-quote-is-layout-flow\">\n<p>On January 1, 2019, Br\u00fcel &amp; Kj\u00e6r (B&amp;K) of Denmark and Hottinger Baldwin Messtechnik (HBM) of Germany\u2014both subsidiaries of the UK-based company Spectris\u2014merged to form Hottinger Br\u00fcel &amp; Kj\u00e6r (HBK).<\/p>\n\n\n\n<p>Br\u00fcel &amp; Kj\u00e6r is a world-renowned manufacturer of acoustic and vibration measurement instruments. With over 80 years of experience and a strong global brand presence, B&amp;K provides innovative solutions as a total measurement chain supplier\u2014offering everything from microphones and accelerometers to data acquisition hardware and analysis software.<\/p>\n\n\n\n<p>HBM, a German precision measurement equipment manufacturer, has over 70 years of expertise in measuring strain, torque, load, and force. In recent years, HBM has expanded its product line to include motor evaluation systems for the EV market and fiber-optic measurement systems for infrastructure monitoring\u2014enhancing its ability to respond to global megatrends.<\/p>\n<\/blockquote>\n\n\n\n<blockquote class=\"wp-block-quote is-layout-flow wp-block-quote-is-layout-flow\">\n<h2 class=\"wp-block-heading\" id=\"sonora\">About Sonora Technology<\/h2>\n\n\n\n<figure class=\"wp-block-image size-full imgFull\"><img loading=\"lazy\" decoding=\"async\" width=\"960\" height=\"240\" src=\"https:\/\/acoustic-measurement.com\/wp-content\/uploads\/manufacturerSonora-1.jpg\" alt=\"\" class=\"wp-image-87\" srcset=\"https:\/\/acoustic-measurement.com\/wp-content\/uploads\/manufacturerSonora-1.jpg 960w, https:\/\/acoustic-measurement.com\/wp-content\/uploads\/manufacturerSonora-1-300x75.jpg 300w, https:\/\/acoustic-measurement.com\/wp-content\/uploads\/manufacturerSonora-1-768x192.jpg 768w\" sizes=\"auto, (max-width: 960px) 100vw, 960px\" \/><\/figure>\n\n\n<div class=\"wp-block-image\">\n<figure class=\"alignleft size-medium\"><img loading=\"lazy\" decoding=\"async\" width=\"300\" height=\"88\" src=\"https:\/\/acoustic-measurement.com\/wp-content\/uploads\/sonoralogo-300x88.png\" alt=\"\" class=\"wp-image-72\" srcset=\"https:\/\/acoustic-measurement.com\/wp-content\/uploads\/sonoralogo-300x88.png 300w, https:\/\/acoustic-measurement.com\/wp-content\/uploads\/sonoralogo-1024x301.png 1024w, https:\/\/acoustic-measurement.com\/wp-content\/uploads\/sonoralogo-768x225.png 768w, https:\/\/acoustic-measurement.com\/wp-content\/uploads\/sonoralogo-1536x451.png 1536w, https:\/\/acoustic-measurement.com\/wp-content\/uploads\/sonoralogo.png 2044w\" sizes=\"auto, (max-width: 300px) 100vw, 300px\" \/><\/figure>\n<\/div>\n\n\n<p>Sonora Technology Co., Ltd., headquartered in Tokyo, is a leading Japanese manufacturer of anechoic chambers and anechoic boxes. We have conducted business with over 1,000 clients, including major automotive and electronics manufacturers.<\/p>\n\n\n\n<p>Since our founding, we have continuously invested in research and development, resulting in numerous proprietary technologies and unmatched product innovations. Our company thrives on challenges\u2014taking on projects that others may decline and accumulating valuable know-how in the process. Difficult problems are where we excel.<\/p>\n\n\n\n<h2 class=\"wp-block-heading\">HBK \u00d7 Sonora \u2013 Comprehensive Solutions<\/h2>\n\n\n\n<p>The partnership between HBK and Sonora enables fully integrated acoustic measurement solutions, combining both hardware and software. By leveraging the unique strengths of both specialized companies, we can offer optimal plans and innovative approaches that were previously unattainable.<\/p>\n<\/blockquote>\n","protected":false},"excerpt":{"rendered":"<p>About HBK On January 1, 2019, Br\u00fcel &amp; Kj\u00e6r (B&amp;K) of Denmark and Hottinger Baldwin Messtechnik (HBM) of Germany\u2014both subsidiaries of the UK-based company Spectris\u2014merged to form Hottinger Br\u00fcel &amp; Kj\u00e6r (HBK). Br\u00fcel &amp; Kj\u00e6r is a world-renowned manufacturer of acoustic and vibration measurement instruments. With over 80 years of experience and a strong global [&hellip;]<\/p>\n","protected":false},"author":1,"featured_media":0,"parent":0,"menu_order":0,"comment_status":"closed","ping_status":"open","template":"","meta":{"_acf_changed":false,"_locale":"en_US","_original_post":"https:\/\/acoustic-measurement.com\/?page_id=2","footnotes":""},"class_list":["post-767","page","type-page","status-publish","hentry","en-US"],"acf":[],"_links":{"self":[{"href":"https:\/\/acoustic-measurement.com\/wp-json\/wp\/v2\/pages\/767","targetHints":{"allow":["GET"]}}],"collection":[{"href":"https:\/\/acoustic-measurement.com\/wp-json\/wp\/v2\/pages"}],"about":[{"href":"https:\/\/acoustic-measurement.com\/wp-json\/wp\/v2\/types\/page"}],"author":[{"embeddable":true,"href":"https:\/\/acoustic-measurement.com\/wp-json\/wp\/v2\/users\/1"}],"replies":[{"embeddable":true,"href":"https:\/\/acoustic-measurement.com\/wp-json\/wp\/v2\/comments?post=767"}],"version-history":[{"count":4,"href":"https:\/\/acoustic-measurement.com\/wp-json\/wp\/v2\/pages\/767\/revisions"}],"predecessor-version":[{"id":771,"href":"https:\/\/acoustic-measurement.com\/wp-json\/wp\/v2\/pages\/767\/revisions\/771"}],"wp:attachment":[{"href":"https:\/\/acoustic-measurement.com\/wp-json\/wp\/v2\/media?parent=767"}],"curies":[{"name":"wp","href":"https:\/\/api.w.org\/{rel}","templated":true}]}}